{"id":26796,"date":"2011-09-21T19:24:38","date_gmt":"2011-09-21T19:24:38","guid":{"rendered":"http:\/\/projects\/downtown\/?page_id=105"},"modified":"2023-07-06T20:56:40","modified_gmt":"2023-07-06T20:56:40","slug":"policies","status":"publish","type":"page","link":"https:\/\/llamadowntown.com\/en\/policies\/","title":{"rendered":"Privacy Policy"},"content":{"rendered":"<h1> Privacy Policy <\/h1>\r\n<hr>\r\n<h1>\u00bfQu\u00e9 Informaci\u00f3n Recogemos?<\/h1>\r\n<div> Recogemos informaci\u00f3n suya cuando se registra en nuestro sitio, se suscribe a nuestro bolet\u00edn o rellena un formulario. Al realizar un pedido o registrarse en nuestro sitio, seg\u00fan proceda, es posible que se le pida que introduzca su nombre, direcci\u00f3n de correo electr\u00f3nico, direcci\u00f3n postal o n\u00famero de tel\u00e9fono. No obstante, puede visitar nuestro sitio de forma an\u00f3nima. Google, como proveedor de terceros, utiliza cookies para publicar anuncios en su sitio. El uso de la cookie de DART por parte de Google le permite servir anuncios a sus usuarios basados en su visita a sus sitios y a otros sitios en Internet. Los usuarios pueden inhabilitar el uso de la cookie de DART visitando la pol\u00edtica de privacidad de la red de anuncios y contenidos de Google. <\/div>\r\n<h1>\u00bfPara qu\u00e9 utilizamos sus datos?<\/h1>\r\n<div><p>Toda la informaci\u00f3n que recopilemos sobre usted podr\u00e1 utilizarse de una de las siguientes maneras:<\/p>\r\n<ul>\r\n \t<li> Para personalizar su experiencia (su informaci\u00f3n nos ayuda a responder mejor a sus necesidades individuales);<\/li>\r\n \t<li> Para mejorar nuestro sitio web (nos esforzamos continuamente por mejorar la oferta de nuestro sitio web bas\u00e1ndonos en la informaci\u00f3n y los comentarios que recibimos de usted);<\/li>\r\n \t<li> Para mejorar el servicio al cliente (su informaci\u00f3n nos ayuda a responder m\u00e1s eficazmente a sus solicitudes de servicio al cliente y a sus necesidades de asistencia);<\/li>\r\n \t<li> Para procesar transacciones<\/li>\r\n<\/ul>\r\n<p>Su informaci\u00f3n, ya sea p\u00fablica o privada, no se vender\u00e1, intercambiar\u00e1, transferir\u00e1 ni dar\u00e1 a ninguna otra empresa por ning\u00fan motivo, sin su consentimiento, salvo con el fin expreso de entregar el producto adquirido o el servicio solicitado.<\/p><\/div>\r\n<h1>\u00bfC\u00f3mo protegemos su informaci\u00f3n?<\/h1>\r\n<div> Aplicamos diversas medidas de seguridad para mantener la seguridad de su informaci\u00f3n personal cuando la introduce, env\u00eda o accede a ella. Ofrecemos el uso de un servidor seguro. Toda la informaci\u00f3n confidencial\/de cr\u00e9dito suministrada se transmite a trav\u00e9s de la tecnolog\u00eda Secure Socket Layer (SSL) y, a continuaci\u00f3n, se encripta en la base de datos de nuestros proveedores de pasarelas de pago, a la que s\u00f3lo pueden acceder las personas autorizadas con derechos de acceso especiales a dichos sistemas, y que est\u00e1n obligadas a&#8230; mantener la confidencialidad de la informaci\u00f3n. Despu\u00e9s de una transacci\u00f3n, su informaci\u00f3n privada (tarjetas de cr\u00e9dito, n\u00fameros de la seguridad social, datos financieros, etc.) se mantendr\u00e1 archivada durante m\u00e1s de 60 d\u00edas para cumplir con la Ley de California. <\/div>\r\n<h1>\u00bfUtilizamos Cookies?<\/h1>\r\n<div> S\u00ed (Las cookies son peque\u00f1os archivos que un sitio o su proveedor de servicios transfiere al disco duro de su ordenador a trav\u00e9s de su navegador web (si usted lo permite) y que permiten a los sistemas de los sitios o proveedores de servicios reconocer su navegador y capturar y recordar determinada informaci\u00f3n. <\/div>\r\n<h1>\u00bfDivulgamos Informaci\u00f3n a Terceros?<\/h1>\r\n<div> No vendemos, intercambiamos ni transferimos a terceros sus datos personales. Esto no incluye a terceras partes de confianza que nos ayudan a operar nuestro sitio web, llevar a cabo nuestro negocio o prestarle servicios, siempre y cuando dichas partes se comprometan a mantener la confidencialidad de esta informaci\u00f3n. Tambi\u00e9n podemos divulgar su informaci\u00f3n cuando creamos que es apropiado para cumplir la ley, hacer cumplir las pol\u00edticas de nuestro sitio o proteger nuestros derechos, propiedad o seguridad o los de otros. No obstante, la informaci\u00f3n no personal de los visitantes puede ser facilitada a terceros para fines de marketing, publicidad u otros usos. <\/div>\r\n<h1>Enlaces de Terceros<\/h1>\r\n<div> Ocasionalmente, a nuestra discreci\u00f3n, podemos incluir u ofrecer productos o servicios de terceros en nuestro sitio web. Estos sitios de terceros tienen pol\u00edticas de privacidad separadas e independientes. Por lo tanto, no tenemos responsabilidad alguna por el contenido y las actividades de estos sitios enlazados. No obstante, tratamos de proteger la integridad de nuestro sitio y agradecemos cualquier comentario sobre estos sitios. <\/div>\r\n<h1>Cumplimiento de la Ley de Protecci\u00f3n de la Privacidad en L\u00ednea de California<\/h1>\r\n<div> Porque valoramos su privacidad, hemos tomado las precauciones necesarias para cumplir la Ley de Protecci\u00f3n de la Privacidad en L\u00ednea de California. Por lo tanto, no distribuiremos su informaci\u00f3n personal a terceros sin su consentimiento. <\/div>\r\n<h1>Cumplimiento de la Ley de Protecci\u00f3n de la Privacidad Infantil en Internet<\/h1>\r\n<div> Cumplimos los requisitos de la ley COPPA (Childrens Online Privacy Protection Act) y no recopilamos informaci\u00f3n de menores de 13 a\u00f1os. Nuestro sitio web, productos y servicios est\u00e1n dirigidos a personas mayores de 13 a\u00f1os. <\/div>\r\n<h1>Condiciones Generales<\/h1>\r\n<div> Visite tambi\u00e9n nuestra secci\u00f3n de T\u00e9rminos y Condiciones en la que se establecen el uso, las exenciones de responsabilidad y las limitaciones de responsabilidad que rigen el uso de nuestro sitio web en https:\/\/www.llamadowntown.com <\/div>\r\n<h1>Su Consentimiento<\/h1>\r\n<div> Al utilizar nuestro sitio, usted acepta que pol\u00edtica de privacidad en l\u00ednea. <\/div>\r\n<h1>Cambios en nuestra pol\u00edtica de privacidad<\/h1>\r\n<div> Si decidimos cambiar nuestra pol\u00edtica de privacidad, publicaremos dichos cambios en esta p\u00e1gina y\/o le enviaremos un correo electr\u00f3nico para notific\u00e1rselo. <\/div>\r\n<h1>Contacto<\/h1>\r\n<div>Si tiene alguna pregunta sobre esta pol\u00edtica de privacidad, puede ponerse en contacto con nosotros utilizando la informaci\u00f3n que figura a continuaci\u00f3n. 3460 Wilshire Blvd #950. Los Angeles 90010, CA U.S.A.<\/div>\r\n<div>Inicio: info@llamadowntown.com<\/div>\r\n<ul>\r\n        <li>\r\n\r\n        <img decoding=\"async\" src=\"\/wp-content\/uploads\/numero1.png\" alt=\"\">\r\n\r\n<h3>#1 MEJORES ABOGADOS VOTADOS<\/h3>\r\n\r\n\r\n\r\n<p><a href=\"\/en\/about-us\/\"><\/a><\/p>\r\n\r\n    <\/li>\r\n        <li>\r\n\r\n        <img decoding=\"async\" src=\"\/wp-content\/uploads\/yelp.png\" alt=\"\">\r\n\r\n<h3>YELP<br> CLASIFICACI\u00d3N DE 5 ESTRELLAS<\/h3>\r\n\r\n\r\n\r\n<p><a href=\"\/en\/about-us\/\"><\/a><\/p>\r\n\r\n    <\/li>\r\n        <li>\r\n\r\n        <img decoding=\"async\" src=\"\/wp-content\/uploads\/avvo.png\" alt=\"\">\r\n\r\n<h3>AVVO<br> ABOGADO MEJOR CALIFICADO<\/h3>\r\n\r\n\r\n\r\n<p><a href=\"\/en\/about-us\/\"><\/a><\/p>\r\n\r\n    <\/li>\r\n        <li>\r\n\r\n        <img decoding=\"async\" src=\"\/wp-content\/uploads\/lawyers.png\" alt=\"\">\r\n\r\n<h3>ABOGADOS AGRESIVOS QUE LE OBTIENEN UNA COMPENSACI\u00d3N ADECUADA<\/h3>\r\n\r\n\r\n\r\n<p><a href=\"\/en\/about-us\/\"><\/a><\/p>\r\n\r\n    <\/li>\r\n        <li>\r\n\r\n        <img decoding=\"async\" src=\"\/wp-content\/uploads\/free1.png\" alt=\"\">\r\n\r\n<h3>CONSULTA DE ABOGADO GRATUITA<\/h3>\r\n\r\n\r\n\r\n<p><a href=\"\/en\/about-us\/\"><\/a><\/p>\r\n\r\n    <\/li>\r\n        <li>\r\n\r\n        <img decoding=\"async\" src=\"\/wp-content\/uploads\/money4.png\" alt=\"\">\r\n\r\n<h3>M\u00c1S DE $ 100M RECUPERADOS PARA NUESTROS CLIENTES<\/h3>\r\n\r\n\r\n\r\n<p><a href=\"\/en\/about-us\/\"><\/a><\/p>\r\n\r\n    <\/li>\r\n        <li>\r\n\r\n        <img decoding=\"async\" src=\"\/wp-content\/uploads\/success.png\" alt=\"\">\r\n\r\n<h3>99% TASA DE \u00c9XITO<\/h3>\r\n\r\n\r\n\r\n<p><a href=\"\/en\/about-us\/\"><\/a><\/p>\r\n\r\n    <\/li>\r\n        <li>\r\n\r\n        <img decoding=\"async\" src=\"\/wp-content\/uploads\/zero-e.png\" alt=\"\">\r\n\r\n<h3>CERO GASTOS DE BOLSILLO<\/h3>\r\n\r\n\r\n\r\n<p><a href=\"\/en\/about-us\/\"><\/a><\/p>\r\n\r\n    <\/li>\r\n        <li>\r\n\r\n        <img decoding=\"async\" src=\"\/wp-content\/uploads\/24-7.png\" alt=\"\">\r\n\r\n<h3>ABOGADOS DISPONIBLES 24\/7<\/h3>\r\n\r\n\r\n\r\n<p><a href=\"\/en\/about-us\/\"><\/a><\/p>\r\n\r\n    <\/li>\r\n        <li>\r\n\r\n        <img decoding=\"async\" src=\"\/wp-content\/uploads\/fees.png\" alt=\"\">\r\n\r\n<h3>SIN CARGOS A MENOS QUE GANEMOS<\/h3>\r\n\r\n\r\n\r\n<p><a href=\"\/en\/about-us\/\"><\/a><\/p>\r\n\r\n    <\/li>\r\n    <\/ul>\r\n<div>\r\n\r\n    <a name=\"case-form\"><\/a>\r\n<\/div>\r\n<img decoding=\"async\" src=\"\/wp-content\/uploads\/zero-fee-guarantee1-1.png\" alt=\"\">\r\n<div><div class=\"botty-container botty-form\">\r\n\t\t<h3>Free Case Review 24\/7<br>\r\n\t\t   <span>No Paga a Menos Que Gane<\/span><br>\r\n\t\t\tLLama <a href=\"tel:+18883414402\" class=\"\">(888) 341-4402<\/a>\r\n\r\n\t\t<\/h3>\r\n\t\t<hr>\r\n\t\t\r\n\t<\/div>\r\n<\/div>\r\n<div>By submitting this form, you agree to receive telephone calls and text messages at anytime, which include hours outside of business hours (8:00 am PST &#8211; 9:00 pm PST). This is so that we may reach you as soon as possible in order to consult on your potential case. <\/div>\r\n\r\n<!--more-->\r\n<!-- {\"name\":\"SERVICE AREA DETAILS\",\"type\":\"layout\",\"children\":[{\"type\":\"section\",\"props\":{\"image_position\":\"center-center\",\"padding_remove_bottom\":true,\"style\":\"default\",\"title_breakpoint\":\"xl\",\"title_position\":\"top-left\",\"title_rotation\":\"left\",\"vertical_align\":\"middle\",\"width\":\"default\"},\"children\":[{\"type\":\"row\",\"props\":{\"layout\":\"3-4,1-4\"},\"children\":[{\"type\":\"column\",\"props\":{\"image_position\":\"center-center\",\"media_overlay_gradient\":\"\",\"position_sticky_breakpoint\":\"m\",\"width_medium\":\"3-4\"},\"children\":[{\"type\":\"breadcrumbs\",\"props\":{\"show_current\":true,\"show_home\":true}},{\"type\":\"headline\",\"props\":{\"content\":\" Pol\\u00edtica de Privacidad \",\"margin\":\"small\",\"margin_remove_top\":false,\"title_color\":\"emphasis\",\"title_element\":\"h1\"}},{\"type\":\"divider\",\"props\":{\"divider_element\":\"hr\"}},{\"type\":\"headline\",\"props\":{\"content\":\"\\u00bfQu\\u00e9 Informaci\\u00f3n Recogemos?\",\"title_element\":\"h1\",\"title_style\":\"h2\"}},{\"type\":\"text\",\"props\":{\"column_breakpoint\":\"m\",\"content\":\" Recogemos informaci\\u00f3n suya cuando se registra en nuestro sitio, se suscribe a nuestro bolet\\u00edn o rellena un formulario. Al realizar un pedido o registrarse en nuestro sitio, seg\\u00fan proceda, es posible que se le pida que introduzca su nombre, direcci\\u00f3n de correo electr\\u00f3nico, direcci\\u00f3n postal o n\\u00famero de tel\\u00e9fono. No obstante, puede visitar nuestro sitio de forma an\\u00f3nima. Google, como proveedor de terceros, utiliza cookies para publicar anuncios en su sitio. El uso de la cookie de DART por parte de Google le permite servir anuncios a sus usuarios basados en su visita a sus sitios y a otros sitios en Internet. Los usuarios pueden inhabilitar el uso de la cookie de DART visitando la pol\\u00edtica de privacidad de la red de anuncios y contenidos de Google. \",\"margin\":\"default\"}},{\"type\":\"headline\",\"props\":{\"content\":\"\\u00bfPara qu\\u00e9 utilizamos sus datos?\",\"title_element\":\"h1\",\"title_style\":\"h2\"}},{\"type\":\"text\",\"props\":{\"column_breakpoint\":\"m\",\"content\":\"<p>Toda la informaci\\u00f3n que recopilemos sobre usted podr\\u00e1 utilizarse de una de las siguientes maneras:<\\\/p>\\n<ul>\\n \\t<li> Para personalizar su experiencia (su informaci\\u00f3n nos ayuda a responder mejor a sus necesidades individuales);<\\\/li>\\n \\t<li> Para mejorar nuestro sitio web (nos esforzamos continuamente por mejorar la oferta de nuestro sitio web bas\\u00e1ndonos en la informaci\\u00f3n y los comentarios que recibimos de usted);<\\\/li>\\n \\t<li> Para mejorar el servicio al cliente (su informaci\\u00f3n nos ayuda a responder m\\u00e1s eficazmente a sus solicitudes de servicio al cliente y a sus necesidades de asistencia);<\\\/li>\\n \\t<li> Para procesar transacciones<\\\/li>\\n<\\\/ul>\\n<p>Su informaci\\u00f3n, ya sea p\\u00fablica o privada, no se vender\\u00e1, intercambiar\\u00e1, transferir\\u00e1 ni dar\\u00e1 a ninguna otra empresa por ning\\u00fan motivo, sin su consentimiento, salvo con el fin expreso de entregar el producto adquirido o el servicio solicitado.<\\\/p>\",\"margin\":\"default\"}},{\"type\":\"headline\",\"props\":{\"content\":\"\\u00bfC\\u00f3mo protegemos su informaci\\u00f3n?\",\"title_element\":\"h1\"}},{\"type\":\"text\",\"props\":{\"column_breakpoint\":\"m\",\"content\":\" Aplicamos diversas medidas de seguridad para mantener la seguridad de su informaci\\u00f3n personal cuando la introduce, env\\u00eda o accede a ella. Ofrecemos el uso de un servidor seguro. Toda la informaci\\u00f3n confidencial\\\/de cr\\u00e9dito suministrada se transmite a trav\\u00e9s de la tecnolog\\u00eda Secure Socket Layer (SSL) y, a continuaci\\u00f3n, se encripta en la base de datos de nuestros proveedores de pasarelas de pago, a la que s\\u00f3lo pueden acceder las personas autorizadas con derechos de acceso especiales a dichos sistemas, y que est\\u00e1n obligadas a... mantener la confidencialidad de la informaci\\u00f3n. Despu\\u00e9s de una transacci\\u00f3n, su informaci\\u00f3n privada (tarjetas de cr\\u00e9dito, n\\u00fameros de la seguridad social, datos financieros, etc.) se mantendr\\u00e1 archivada durante m\\u00e1s de 60 d\\u00edas para cumplir con la Ley de California. \",\"margin\":\"default\"}},{\"type\":\"headline\",\"props\":{\"content\":\"\\u00bfUtilizamos Cookies?\",\"title_element\":\"h1\"}},{\"type\":\"text\",\"props\":{\"column_breakpoint\":\"m\",\"content\":\" S\\u00ed (Las cookies son peque\\u00f1os archivos que un sitio o su proveedor de servicios transfiere al disco duro de su ordenador a trav\\u00e9s de su navegador web (si usted lo permite) y que permiten a los sistemas de los sitios o proveedores de servicios reconocer su navegador y capturar y recordar determinada informaci\\u00f3n. \",\"margin\":\"default\"}},{\"type\":\"headline\",\"props\":{\"content\":\"\\u00bfDivulgamos Informaci\\u00f3n a Terceros?\",\"title_element\":\"h1\"}},{\"type\":\"text\",\"props\":{\"column_breakpoint\":\"m\",\"content\":\" No vendemos, intercambiamos ni transferimos a terceros sus datos personales. Esto no incluye a terceras partes de confianza que nos ayudan a operar nuestro sitio web, llevar a cabo nuestro negocio o prestarle servicios, siempre y cuando dichas partes se comprometan a mantener la confidencialidad de esta informaci\\u00f3n. Tambi\\u00e9n podemos divulgar su informaci\\u00f3n cuando creamos que es apropiado para cumplir la ley, hacer cumplir las pol\\u00edticas de nuestro sitio o proteger nuestros derechos, propiedad o seguridad o los de otros. No obstante, la informaci\\u00f3n no personal de los visitantes puede ser facilitada a terceros para fines de marketing, publicidad u otros usos. \",\"margin\":\"default\"}},{\"type\":\"headline\",\"props\":{\"content\":\"Enlaces de Terceros\",\"title_element\":\"h1\",\"title_style\":\"h3\"}},{\"type\":\"text\",\"props\":{\"column_breakpoint\":\"m\",\"content\":\" Ocasionalmente, a nuestra discreci\\u00f3n, podemos incluir u ofrecer productos o servicios de terceros en nuestro sitio web. Estos sitios de terceros tienen pol\\u00edticas de privacidad separadas e independientes. Por lo tanto, no tenemos responsabilidad alguna por el contenido y las actividades de estos sitios enlazados. No obstante, tratamos de proteger la integridad de nuestro sitio y agradecemos cualquier comentario sobre estos sitios. \",\"margin\":\"default\"}},{\"type\":\"headline\",\"props\":{\"content\":\"Cumplimiento de la Ley de Protecci\\u00f3n de la Privacidad en L\\u00ednea de California\",\"title_element\":\"h1\",\"title_style\":\"h3\"}},{\"type\":\"text\",\"props\":{\"column_breakpoint\":\"m\",\"content\":\" Porque valoramos su privacidad, hemos tomado las precauciones necesarias para cumplir la Ley de Protecci\\u00f3n de la Privacidad en L\\u00ednea de California. Por lo tanto, no distribuiremos su informaci\\u00f3n personal a terceros sin su consentimiento. \",\"margin\":\"default\"}},{\"type\":\"headline\",\"props\":{\"content\":\"Cumplimiento de la Ley de Protecci\\u00f3n de la Privacidad Infantil en Internet\",\"title_element\":\"h1\",\"title_style\":\"h3\"}},{\"type\":\"text\",\"props\":{\"column_breakpoint\":\"m\",\"content\":\" Cumplimos los requisitos de la ley COPPA (Childrens Online Privacy Protection Act) y no recopilamos informaci\\u00f3n de menores de 13 a\\u00f1os. Nuestro sitio web, productos y servicios est\\u00e1n dirigidos a personas mayores de 13 a\\u00f1os. \",\"margin\":\"default\"}},{\"type\":\"headline\",\"props\":{\"content\":\"Condiciones Generales\",\"title_element\":\"h1\"}},{\"type\":\"text\",\"props\":{\"column_breakpoint\":\"m\",\"content\":\" Visite tambi\\u00e9n nuestra secci\\u00f3n de T\\u00e9rminos y Condiciones en la que se establecen el uso, las exenciones de responsabilidad y las limitaciones de responsabilidad que rigen el uso de nuestro sitio web en https:\\\/\\\/www.llamadowntown.com \",\"margin\":\"default\"}},{\"type\":\"headline\",\"props\":{\"content\":\"Su Consentimiento\",\"title_element\":\"h1\"}},{\"type\":\"text\",\"props\":{\"column_breakpoint\":\"m\",\"content\":\" Al utilizar nuestro sitio, usted acepta que pol\\u00edtica de privacidad en l\\u00ednea. \",\"margin\":\"default\"}},{\"type\":\"headline\",\"props\":{\"content\":\"Cambios en nuestra pol\\u00edtica de privacidad\",\"title_element\":\"h1\"}},{\"type\":\"text\",\"props\":{\"column_breakpoint\":\"m\",\"content\":\" Si decidimos cambiar nuestra pol\\u00edtica de privacidad, publicaremos dichos cambios en esta p\\u00e1gina y\\\/o le enviaremos un correo electr\\u00f3nico para notific\\u00e1rselo. \",\"margin\":\"default\"}},{\"type\":\"headline\",\"props\":{\"content\":\"Contacto\",\"title_element\":\"h1\"}},{\"type\":\"text\",\"props\":{\"column_breakpoint\":\"m\",\"content\":\"Si tiene alguna pregunta sobre esta pol\\u00edtica de privacidad, puede ponerse en contacto con nosotros utilizando la informaci\\u00f3n que figura a continuaci\\u00f3n. 3460 Wilshire Blvd #950. Los Angeles 90010, CA U.S.A.\",\"margin\":\"default\"}},{\"type\":\"text\",\"props\":{\"column_breakpoint\":\"m\",\"content\":\"Inicio: info@llamadowntown.com\",\"margin\":\"default\"}}]},{\"type\":\"column\",\"props\":{\"image_position\":\"center-center\",\"media_overlay_gradient\":\"\",\"position_sticky_breakpoint\":\"m\",\"width_medium\":\"1-4\"},\"children\":[{\"type\":\"module\",\"props\":{\"menu_image_align\":\"center\",\"menu_image_margin\":true,\"menu_style\":\"default\",\"menu_type\":\"nav\",\"type\":\"text\",\"widget\":\"text-4\"}}]}]}],\"name\":\"PAGE STARTER\"},{\"type\":\"section\",\"props\":{\"image_position\":\"center-center\",\"padding\":\"none\",\"style\":\"default\",\"title_breakpoint\":\"xl\",\"title_position\":\"top-left\",\"title_rotation\":\"left\",\"vertical_align\":\"middle\",\"width\":\"\"},\"children\":[{\"type\":\"row\",\"children\":[{\"type\":\"column\",\"props\":{\"image_position\":\"center-center\",\"media_overlay_gradient\":\"\",\"position_sticky_breakpoint\":\"m\"},\"children\":[{\"type\":\"grid\",\"props\":{\"class\":\"sub-footros\",\"content_column_breakpoint\":\"m\",\"filter_align\":\"left\",\"filter_all\":true,\"filter_grid_breakpoint\":\"m\",\"filter_grid_width\":\"auto\",\"filter_position\":\"top\",\"filter_style\":\"tab\",\"grid_column_align\":false,\"grid_column_gap\":\"collapse\",\"grid_default\":\"1\",\"grid_medium\":\"5\",\"grid_row_gap\":\"collapse\",\"icon_width\":80,\"image_align\":\"left\",\"image_grid_breakpoint\":\"m\",\"image_grid_column_gap\":\"small\",\"image_grid_width\":\"auto\",\"image_link\":false,\"image_svg_color\":\"emphasis\",\"item_animation\":true,\"link_style\":\"\",\"link_text\":\"\",\"margin\":\"default\",\"meta_align\":\"below-title\",\"meta_element\":\"div\",\"meta_style\":\"text-meta\",\"panel_image_no_padding\":false,\"panel_link\":true,\"panel_padding\":\"small\",\"panel_style\":\"card-secondary\",\"parallax_easing\":\"1\",\"show_content\":true,\"show_image\":true,\"show_link\":true,\"show_meta\":true,\"show_title\":true,\"title_align\":\"top\",\"title_element\":\"h3\",\"title_grid_breakpoint\":\"m\",\"title_grid_width\":\"1-2\",\"title_hover_style\":\"reset\",\"title_style\":\"h5\"},\"children\":[{\"type\":\"grid_item\",\"props\":{\"image\":\"\\\/wp-content\\\/uploads\\\/numero1.png\",\"link\":\"\\\/about-us\\\/\",\"title\":\"#1 MEJORES ABOGADOS VOTADOS\"}},{\"type\":\"grid_item\",\"props\":{\"image\":\"\\\/wp-content\\\/uploads\\\/yelp.png\",\"link\":\"\\\/about-us\\\/\",\"title\":\"YELP<br> CLASIFICACI\\u00d3N DE 5 ESTRELLAS\"}},{\"type\":\"grid_item\",\"props\":{\"image\":\"\\\/wp-content\\\/uploads\\\/avvo.png\",\"link\":\"\\\/about-us\\\/\",\"title\":\"AVVO<br> ABOGADO MEJOR CALIFICADO\"}},{\"type\":\"grid_item\",\"props\":{\"image\":\"\\\/wp-content\\\/uploads\\\/lawyers.png\",\"link\":\"\\\/about-us\\\/\",\"title\":\"ABOGADOS AGRESIVOS QUE LE OBTIENEN UNA COMPENSACI\\u00d3N ADECUADA\"}},{\"type\":\"grid_item\",\"props\":{\"image\":\"\\\/wp-content\\\/uploads\\\/free1.png\",\"link\":\"\\\/about-us\\\/\",\"title\":\"CONSULTA DE ABOGADO GRATUITA\"}},{\"type\":\"grid_item\",\"props\":{\"image\":\"\\\/wp-content\\\/uploads\\\/money4.png\",\"link\":\"\\\/about-us\\\/\",\"title\":\"M\\u00c1S DE $ 100M RECUPERADOS PARA NUESTROS CLIENTES\"}},{\"type\":\"grid_item\",\"props\":{\"image\":\"\\\/wp-content\\\/uploads\\\/success.png\",\"link\":\"\\\/about-us\\\/\",\"title\":\"99% TASA DE \\u00c9XITO\"}},{\"type\":\"grid_item\",\"props\":{\"image\":\"\\\/wp-content\\\/uploads\\\/zero-e.png\",\"link\":\"\\\/about-us\\\/\",\"title\":\"CERO GASTOS DE BOLSILLO\"}},{\"type\":\"grid_item\",\"props\":{\"image\":\"\\\/wp-content\\\/uploads\\\/24-7.png\",\"link\":\"\\\/about-us\\\/\",\"title\":\"ABOGADOS DISPONIBLES 24\\\/7\"}},{\"type\":\"grid_item\",\"props\":{\"image\":\"\\\/wp-content\\\/uploads\\\/fees.png\",\"link\":\"\\\/about-us\\\/\",\"title\":\"SIN CARGOS A MENOS QUE GANEMOS\"}}],\"name\":\"2ndary bottom\"}]}]}]},{\"type\":\"section\",\"props\":{\"animation\":\"fade\",\"animation_delay\":\"200\",\"image\":\"wp-content\\\/uploads\\\/case-review-bg.jpg\",\"image_position\":\"center-center\",\"image_size\":\"cover\",\"style\":\"default\",\"title_breakpoint\":\"xl\",\"title_position\":\"top-left\",\"title_rotation\":\"left\",\"vertical_align\":\"middle\",\"width\":\"large\"},\"children\":[{\"type\":\"row\",\"children\":[{\"type\":\"column\",\"props\":{\"image_position\":\"center-center\",\"media_overlay_gradient\":\"\",\"position_sticky_breakpoint\":\"m\",\"width_medium\":\"1-1\"},\"children\":[{\"type\":\"html\",\"props\":{\"content\":\"<a name=\\\"case-form\\\"><\\\/a>\"}},{\"type\":\"image\",\"props\":{\"image\":\"wp-content\\\/uploads\\\/zero-fee-guarantee1-1.png\",\"image_svg_color\":\"emphasis\",\"margin\":\"default\",\"text_align\":\"center\"}},{\"type\":\"text\",\"props\":{\"column_breakpoint\":\"m\",\"content\":\"<div class=\\\"botty-container botty-form\\\">\\n\\t\\t<h3>Revisi\\u00f3n Gratuita de Casos 24\\\/7<br>\\n\\t\\t   <span>No Paga a Menos Que Gane<\\\/span><br>\\n\\t\\t\\tLLama <a href=\\\"tel:+18883414402\\\" class=>(888) 341-4402<\\\/a>\\n\\n\\t\\t<\\\/h3>\\n\\t\\t<hr>\\n\\t\\t[gravityform id=\\\"6\\\" title=\\\"false\\\" description=\\\"false\\\" ajax=\\\"true\\\" tabindex=\\\"49\\\" field_values=\\\"check=First Choice,Second Choice\\\"]\\n\\t<\\\/div>\\n\",\"margin\":\"default\"}},{\"type\":\"text\",\"props\":{\"class\":\"smally-printo\",\"column_breakpoint\":\"m\",\"content\":\"By submitting this form, you agree to receive telephone calls and text messages at anytime, which include hours outside of business hours (8:00 am PST - 9:00 pm PST). This is so that we may reach you as soon as possible in order to consult on your potential case. \",\"margin\":\"default\"}}]}]}],\"name\":\"LEAD-GEN FORM FULL SCREEN\"}],\"version\":\"3.0.31\"} -->","protected":false},"excerpt":{"rendered":"Pol\u00edtica de Privacidad \u00bfQu\u00e9 Informaci\u00f3n Recogemos? Recogemos informaci\u00f3n suya cuando se registra en nuestro sitio, se suscribe a nuestro bolet\u00edn o rellena un formulario. Al realizar un pedido o registrarse en nuestro sitio, seg\u00fan proceda, es posible que se le pida que introduzca su nombre, direcci\u00f3n de correo electr\u00f3nico, direcci\u00f3n postal o n\u00famero de tel\u00e9fono. [&hellip;]","protected":false},"author":2,"featured_media":0,"parent":0,"menu_order":0,"comment_status":"open","ping_status":"open","template":"","meta":{"_monsterinsights_skip_tracking":false,"_monsterinsights_sitenote_active":false,"_monsterinsights_sitenote_note":"","_monsterinsights_sitenote_category":0,"footnotes":""},"class_list":["post-26796","page","type-page","status-publish","hentry"],"aioseo_notices":[],"_links":{"self":[{"href":"https:\/\/llamadowntown.com\/en\/wp-json\/wp\/v2\/pages\/26796","targetHints":{"allow":["GET"]}}],"collection":[{"href":"https:\/\/llamadowntown.com\/en\/wp-json\/wp\/v2\/pages"}],"about":[{"href":"https:\/\/llamadowntown.com\/en\/wp-json\/wp\/v2\/types\/page"}],"author":[{"embeddable":true,"href":"https:\/\/llamadowntown.com\/en\/wp-json\/wp\/v2\/users\/2"}],"replies":[{"embeddable":true,"href":"https:\/\/llamadowntown.com\/en\/wp-json\/wp\/v2\/comments?post=26796"}],"version-history":[{"count":8,"href":"https:\/\/llamadowntown.com\/en\/wp-json\/wp\/v2\/pages\/26796\/revisions"}],"predecessor-version":[{"id":45200,"href":"https:\/\/llamadowntown.com\/en\/wp-json\/wp\/v2\/pages\/26796\/revisions\/45200"}],"wp:attachment":[{"href":"https:\/\/llamadowntown.com\/en\/wp-json\/wp\/v2\/media?parent=26796"}],"curies":[{"name":"wp","href":"https:\/\/api.w.org\/{rel}","templated":true}]}}