{"id":45075,"date":"2023-05-09T16:35:32","date_gmt":"2023-05-09T16:35:32","guid":{"rendered":"https:\/\/downtownlalaw.com\/?page_id=45075"},"modified":"2023-05-16T15:10:49","modified_gmt":"2023-05-16T15:10:49","slug":"text-policy","status":"publish","type":"page","link":"https:\/\/llamadowntown.com\/en\/text-policy\/","title":{"rendered":"Text Policy"},"content":{"rendered":"<h1>Text Policy<\/h1>\n<div><strong>Pol\u00edtica de Mensajer\u00eda de Texto:<\/strong>\n\n<p>Responda S\u00cd para recibir actualizaciones e informaci\u00f3n de Llamadowntown.com. Responda STOP para cancelar y darse de baja. Se pueden aplicar tarifas y uso de mensajes y datos.<\/p>\n\n<p>Cualquiera que se comunique con mi grupo de abogados del centro de la ciudad o calldowntown.com con el c\u00f3digo abreviado 40222. Puede optar por no participar siguiendo las pautas definidas en el programa de suscripci\u00f3n y exclusi\u00f3n anterior. Si necesita ayuda con&#8230; puede enviar un mensaje de texto con la palabra clave INJURYHELP al 40222 y comenzar\u00e1 un chat en vivo con uno de nuestros agentes.\nNombre del programa: \u201cLlamadowntown.com \u2013 Injury Law Firm\u201d Injuryhelp es un texto en c\u00f3digo abreviado de promoci\u00f3n donde los clientes o clientes potenciales pueden enviar mensajes a nuestro equipo de admisi\u00f3n. Llama Downtown Law Group group o llamadowntown.com no usa este c\u00f3digo para enviar spam o enviar mensajes a clientes potenciales, sino que se usa como un programa de suscripci\u00f3n de clientes de inter\u00e9s. Puede cancelar el servicio de SMS en cualquier momento. Simplemente env\u00ede un mensaje de texto con la palabra &#8220;DETENER&#8221; al c\u00f3digo corto. Despu\u00e9s de enviarnos el mensaje SMS &#8220;STOP&#8221;, le enviaremos un mensaje SMS para confirmar que se ha dado de baja. Despu\u00e9s de esto, ya no recibir\u00e1 m\u00e1s mensajes SMS de nuestra parte. Si desea unirse nuevamente, simplemente reg\u00edstrese como lo hizo la primera vez y comenzaremos a enviarle mensajes SMS nuevamente. La frecuencia de los mensajes var\u00eda. Si tiene problemas con el programa de mensajer\u00eda, puede responder con la palabra clave AYUDA para obtener m\u00e1s ayuda, o puede obtener ayuda directamente en {marketingdowntownlalaw@gmail.com o 888-346-5646}. Los operadores no son responsables de los mensajes retrasados o no entregados. Para conocer la pol\u00edtica de privacidad, haga clic en este enlace. https:\/\/llamadowntown.com\/privacy-policy\/<\/p><\/div>\n\n<!--more-->\n<!-- {\"type\":\"layout\",\"children\":[{\"type\":\"section\",\"props\":{\"image_position\":\"center-center\",\"style\":\"default\",\"title_breakpoint\":\"xl\",\"title_position\":\"top-left\",\"title_rotation\":\"left\",\"vertical_align\":\"middle\",\"width\":\"default\"},\"children\":[{\"type\":\"row\",\"children\":[{\"type\":\"column\",\"props\":{\"image_position\":\"center-center\",\"media_overlay_gradient\":\"\",\"position_sticky_breakpoint\":\"m\"},\"children\":[{\"type\":\"headline\",\"props\":{\"content\":\"Pol\\u00edtica de Texto\",\"title_element\":\"h1\"}},{\"type\":\"text\",\"props\":{\"column_breakpoint\":\"m\",\"content\":\"<strong>Pol\\u00edtica de Mensajer\\u00eda de Texto:<\\\/strong>\\n\\n<p>Responda S\\u00cd para recibir actualizaciones e informaci\\u00f3n de Llamadowntown.com. Responda STOP para cancelar y darse de baja. Se pueden aplicar tarifas y uso de mensajes y datos.<\\\/p>\\n\\n<p>Cualquiera que se comunique con mi grupo de abogados del centro de la ciudad o calldowntown.com con el c\\u00f3digo abreviado 40222. Puede optar por no participar siguiendo las pautas definidas en el programa de suscripci\\u00f3n y exclusi\\u00f3n anterior. Si necesita ayuda con... puede enviar un mensaje de texto con la palabra clave INJURYHELP al 40222 y comenzar\\u00e1 un chat en vivo con uno de nuestros agentes.\\nNombre del programa: \\u201cLlamadowntown.com \\u2013 Injury Law Firm\\u201d Injuryhelp es un texto en c\\u00f3digo abreviado de promoci\\u00f3n donde los clientes o clientes potenciales pueden enviar mensajes a nuestro equipo de admisi\\u00f3n. Llama Downtown Law Group group o llamadowntown.com no usa este c\\u00f3digo para enviar spam o enviar mensajes a clientes potenciales, sino que se usa como un programa de suscripci\\u00f3n de clientes de inter\\u00e9s. Puede cancelar el servicio de SMS en cualquier momento. Simplemente env\\u00ede un mensaje de texto con la palabra \\\"DETENER\\\" al c\\u00f3digo corto. Despu\\u00e9s de enviarnos el mensaje SMS \\\"STOP\\\", le enviaremos un mensaje SMS para confirmar que se ha dado de baja. Despu\\u00e9s de esto, ya no recibir\\u00e1 m\\u00e1s mensajes SMS de nuestra parte. Si desea unirse nuevamente, simplemente reg\\u00edstrese como lo hizo la primera vez y comenzaremos a enviarle mensajes SMS nuevamente. La frecuencia de los mensajes var\\u00eda. Si tiene problemas con el programa de mensajer\\u00eda, puede responder con la palabra clave AYUDA para obtener m\\u00e1s ayuda, o puede obtener ayuda directamente en {marketingdowntownlalaw@gmail.com o 888-346-5646}. Los operadores no son responsables de los mensajes retrasados o no entregados. Para conocer la pol\\u00edtica de privacidad, haga clic en este enlace. https:\\\/\\\/llamadowntown.com\\\/privacy-policy\\\/<\\\/p>\",\"margin\":\"default\"}}]}]}]}],\"version\":\"3.0.31\"} -->","protected":false},"excerpt":{"rendered":"Pol\u00edtica de Texto Pol\u00edtica de Mensajer\u00eda de Texto: Responda S\u00cd para recibir actualizaciones e informaci\u00f3n de Llamadowntown.com. Responda STOP para cancelar y darse de baja. Se pueden aplicar tarifas y uso de mensajes y datos. Cualquiera que se comunique con mi grupo de abogados del centro de la ciudad o calldowntown.com con el c\u00f3digo abreviado [&hellip;]","protected":false},"author":1,"featured_media":0,"parent":0,"menu_order":0,"comment_status":"closed","ping_status":"closed","template":"","meta":{"_monsterinsights_skip_tracking":false,"_monsterinsights_sitenote_active":false,"_monsterinsights_sitenote_note":"","_monsterinsights_sitenote_category":0,"footnotes":""},"class_list":["post-45075","page","type-page","status-publish","hentry"],"aioseo_notices":[],"_links":{"self":[{"href":"https:\/\/llamadowntown.com\/en\/wp-json\/wp\/v2\/pages\/45075","targetHints":{"allow":["GET"]}}],"collection":[{"href":"https:\/\/llamadowntown.com\/en\/wp-json\/wp\/v2\/pages"}],"about":[{"href":"https:\/\/llamadowntown.com\/en\/wp-json\/wp\/v2\/types\/page"}],"author":[{"embeddable":true,"href":"https:\/\/llamadowntown.com\/en\/wp-json\/wp\/v2\/users\/1"}],"replies":[{"embeddable":true,"href":"https:\/\/llamadowntown.com\/en\/wp-json\/wp\/v2\/comments?post=45075"}],"version-history":[{"count":4,"href":"https:\/\/llamadowntown.com\/en\/wp-json\/wp\/v2\/pages\/45075\/revisions"}],"predecessor-version":[{"id":45176,"href":"https:\/\/llamadowntown.com\/en\/wp-json\/wp\/v2\/pages\/45075\/revisions\/45176"}],"wp:attachment":[{"href":"https:\/\/llamadowntown.com\/en\/wp-json\/wp\/v2\/media?parent=45075"}],"curies":[{"name":"wp","href":"https:\/\/api.w.org\/{rel}","templated":true}]}}