{"id":45143,"date":"2023-05-12T21:16:26","date_gmt":"2023-05-12T21:16:26","guid":{"rendered":"https:\/\/llamadowntown.com\/?page_id=45143"},"modified":"2023-05-17T23:25:25","modified_gmt":"2023-05-17T23:25:25","slug":"disclaimer","status":"publish","type":"page","link":"https:\/\/llamadowntown.com\/en\/disclaimer\/","title":{"rendered":"Disclaimer"},"content":{"rendered":"<h1>Disclaimer <\/h1>\n<hr>\n<div>Los materiales contenidos en este sitio web han sido preparados por Llama Downtown Law Group y est\u00e1n destinados \u00fanicamente a fines informativos y no constituyen asesoramiento jur\u00eddico. La transmisi\u00f3n de la informaci\u00f3n no pretende crear, y la recepci\u00f3n no constituye, una relaci\u00f3n abogado-cliente. Aunque hemos tratado de mantener la informaci\u00f3n en este sitio web con la mayor precisi\u00f3n posible, esta informaci\u00f3n puede contener errores u omisiones, por lo que declinamos toda responsabilidad. Este sitio web contiene informaci\u00f3n sobre cuestiones jur\u00eddicas y no sustituye el asesoramiento jur\u00eddico de un abogado cualificado con licencia en la jurisdicci\u00f3n correspondiente. Llama Downtown Law Group declina expresamente toda responsabilidad con respecto a las acciones tomadas o no tomadas sobre la base de cualquiera o todos los contenidos de este sitio web. Al ponerse en contacto con Llama Downtown Law Group o cualquiera de sus abogados o empleados, usted acepta que Llama Downtown Law Group puede revisar cualquier informaci\u00f3n que usted nos transmita, ya sea enviada a petici\u00f3n nuestra o no. Usted reconoce que nuestra revisi\u00f3n de cualquier informaci\u00f3n no solicitada que pueda enviarnos, incluso si la envi\u00f3 en un esfuerzo de buena fe por contratarnos, y, adem\u00e1s, incluso si es altamente confidencial, no nos impide representar a otro cliente directamente adverso a usted, incluso en un asunto en el que esa informaci\u00f3n podr\u00eda y ser\u00e1 utilizada en su contra. No debe enviar informaci\u00f3n confidencial o informaci\u00f3n que considere privilegiada a Llama Downtown Law Group hasta que haya recibido confirmaci\u00f3n por escrito de Llama Downtown Law Group de su disposici\u00f3n a prestarle los servicios jur\u00eddicos que solicite. El contenido de cualquier correspondencia que env\u00ede a trav\u00e9s de Internet no se considerar\u00e1 confidencial a menos que haya recibido dicha confirmaci\u00f3n por escrito. Resultados anteriores obtenidos por Llama Downtown Law Group abogados no son garant\u00eda de resultados futuros. Cada caso o asunto es diferente y se juzga por sus propios m\u00e9ritos. <\/div>\n<h1>Condiciones de Uso<\/h1>\n<div> El contenido de este sitio web pretende transmitir informaci\u00f3n general sobre Llama Downtown Law Group. No debe considerarse como asesoramiento jur\u00eddico. No es una oferta para representarle, ni pretende crear una relaci\u00f3n abogado-cliente. Llama Downtown Law Group no patrocina, avala, verifica o garantiza la exactitud de la informaci\u00f3n encontrada en sitios externos o enlaces posteriores. El contenido de cualquier correo electr\u00f3nico de Internet enviado a Llama Downtown Law Group o a cualquiera de sus abogados a las direcciones de correo electr\u00f3nico indicadas en este sitio web no crear\u00e1 una relaci\u00f3n de abogado-cliente y no ser\u00e1 tratada como confidencial. Todos los usos de los contenidos de este sitio, excepto los usos personales, est\u00e1n prohibidos. \u00a92023 Llama Downtown Law Group. Todos los derechos reservados. <\/div>\n<h1>Experiencia Como Abogado<\/h1>\n<div> La experiencia descrita en algunas biograf\u00edas de abogados en este sitio web puede datar de antes de que un abogado individual se uni\u00f3 a Llama Downtown Law Group. La experiencia representada en este sitio web no implica la condici\u00f3n de cliente actual. Por favor, consulte la lista de clientes para los clientes actuales. <\/div>\n<h1>Enlaces Desde Nuestro Sitio Web<\/h1>\n<div> Los enlaces de este sitio web pueden conducir a otros sitios. Dichos enlaces se facilitan para mayor comodidad del visitante con el fin de proporcionarle m\u00e1s informaci\u00f3n. Llama Downtown Law Group no patrocina, respalda ni aprueba necesariamente dichos materiales enlazados y no controla ni garantiza la exactitud, pertinencia, actualidad o integridad de la informaci\u00f3n contenida en tales enlaces. <\/div>\n<h1>Nuestras Publicaciones<\/h1>\n<div>Llama Downtown Law Group Las publicaciones del Bufete no deben interpretarse como asesoramiento jur\u00eddico sobre hechos o circunstancias espec\u00edficos. El contenido de nuestras publicaciones est\u00e1 destinado \u00fanicamente a fines de informaci\u00f3n general y no podr\u00e1 citarse ni mencionarse en ninguna otra publicaci\u00f3n o procedimiento sin el consentimiento previo por escrito del Bufete, que se otorgar\u00e1 o denegar\u00e1 a nuestra discreci\u00f3n. Para solicitar el permiso de reimpresi\u00f3n de cualquiera de nuestras publicaciones, utilice el formulario &#8220;Contacte con nosotros&#8221; situado en este sitio web. El env\u00edo de nuestras publicaciones no pretende crear, y su recepci\u00f3n no constituye, una relaci\u00f3n abogado-cliente. Las opiniones expresadas en ellas son las opiniones personales del autor y no reflejan necesariamente las del bufete de abogados con el que est\u00e1 asociado. <\/div>\n<h1>Declaraci\u00f3n de conformidad con el procedimiento de denuncia en los Pa\u00edses Bajos<\/h1>\n<div> Si un cliente se pone en contacto con el bufete en relaci\u00f3n con una reclamaci\u00f3n relativa a los servicios de un abogado de Llama Downtown Law Group.  La queja se transmitir\u00e1 al responsable de quejas.<\/div>\n<div>\n\n    <a name=\"case-form\"><\/a>\n<\/div>\n<img decoding=\"async\" src=\"\/wp-content\/uploads\/zero-fee-guarantee1-1.png\" alt=\"\">\n<div><div class=\"botty-container botty-form\">\n\t\t<h3>Free Case Review 24\/7<br>\n\t\t   <span>No Paga a Menos Que Gane<\/span><br>\n\t\t\tCalls <a href=\"tel:+18883414402\" class=\"\">(888) 341-4402<\/a>\n\n\t\t<\/h3>\n\t\t<hr>\n\t\t\n\t<\/div>\n<\/div>\n<div>By submitting this form, you agree to receive phone calls and text messages at any time, which includes hours outside of business hours (8:00 am PST \u2013 9:00 pm PST). This is so we can get back to you as soon as possible to consult about your potential case.<\/div>\n<ul>\n        <li>\n\n        <img decoding=\"async\" src=\"\/wp-content\/uploads\/numero1.png\" alt=\"\">\n\n<h3>#1 MEJORES ABOGADOS VOTADOS<\/h3>\n\n\n\n<p><a href=\"\/en\/about-us\/\"><\/a><\/p>\n\n    <\/li>\n        <li>\n\n        <img decoding=\"async\" src=\"\/wp-content\/uploads\/yelp.png\" alt=\"\">\n\n<h3>YELP<br> CLASIFICACI\u00d3N DE 5 ESTRELLAS<\/h3>\n\n\n\n<p><a href=\"\/en\/about-us\/\"><\/a><\/p>\n\n    <\/li>\n        <li>\n\n        <img decoding=\"async\" src=\"\/wp-content\/uploads\/avvo.png\" alt=\"\">\n\n<h3>AVVO<br> ABOGADO MEJOR CALIFICADO<\/h3>\n\n\n\n<p><a href=\"\/en\/about-us\/\"><\/a><\/p>\n\n    <\/li>\n        <li>\n\n        <img decoding=\"async\" src=\"\/wp-content\/uploads\/lawyers.png\" alt=\"\">\n\n<h3>ABOGADOS AGRESIVOS QUE LE OBTIENEN UNA COMPENSACI\u00d3N ADECUADA<\/h3>\n\n\n\n<p><a href=\"\/en\/about-us\/\"><\/a><\/p>\n\n    <\/li>\n        <li>\n\n        <img decoding=\"async\" src=\"\/wp-content\/uploads\/free1.png\" alt=\"\">\n\n<h3>CONSULTA DE ABOGADO GRATUITA<\/h3>\n\n\n\n<p><a href=\"\/en\/about-us\/\"><\/a><\/p>\n\n    <\/li>\n        <li>\n\n        <img decoding=\"async\" src=\"\/wp-content\/uploads\/money4.png\" alt=\"\">\n\n<h3>M\u00c1S DE $ 100M RECUPERADOS PARA NUESTROS CLIENTES<\/h3>\n\n\n\n<p><a href=\"\/en\/about-us\/\"><\/a><\/p>\n\n    <\/li>\n        <li>\n\n        <img decoding=\"async\" src=\"\/wp-content\/uploads\/success.png\" alt=\"\">\n\n<h3>99% TASA DE \u00c9XITO<\/h3>\n\n\n\n<p><a href=\"\/en\/about-us\/\"><\/a><\/p>\n\n    <\/li>\n        <li>\n\n        <img decoding=\"async\" src=\"\/wp-content\/uploads\/zero-e.png\" alt=\"\">\n\n<h3>CERO GASTOS DE BOLSILLO<\/h3>\n\n\n\n<p><a href=\"\/en\/about-us\/\"><\/a><\/p>\n\n    <\/li>\n        <li>\n\n        <img decoding=\"async\" src=\"\/wp-content\/uploads\/24-7.png\" alt=\"\">\n\n<h3>ABOGADOS DISPONIBLES 24\/7<\/h3>\n\n\n\n<p><a href=\"\/en\/about-us\/\"><\/a><\/p>\n\n    <\/li>\n        <li>\n\n        <img decoding=\"async\" src=\"\/wp-content\/uploads\/fees.png\" alt=\"\">\n\n<h3>SIN CARGOS A MENOS QUE GANEMOS<\/h3>\n\n\n\n<p><a href=\"\/en\/about-us\/\"><\/a><\/p>\n\n    <\/li>\n    <\/ul>\n\n<!--more-->\n<!-- {\"type\":\"layout\",\"children\":[{\"type\":\"section\",\"props\":{\"image_position\":\"center-center\",\"padding_remove_bottom\":true,\"style\":\"default\",\"title_breakpoint\":\"xl\",\"title_position\":\"top-left\",\"title_rotation\":\"left\",\"vertical_align\":\"middle\",\"width\":\"default\"},\"children\":[{\"type\":\"row\",\"props\":{\"layout\":\"3-4,1-4\"},\"children\":[{\"type\":\"column\",\"props\":{\"image_position\":\"center-center\",\"media_overlay_gradient\":\"\",\"position_sticky_breakpoint\":\"m\",\"width_medium\":\"3-4\"},\"children\":[{\"type\":\"breadcrumbs\",\"props\":{\"show_current\":true,\"show_home\":true}},{\"type\":\"headline\",\"props\":{\"content\":\"Descargo de Responsabilidad \",\"margin\":\"small\",\"margin_remove_top\":false,\"title_color\":\"emphasis\",\"title_element\":\"h1\"}},{\"type\":\"divider\",\"props\":{\"class\":\"breakdance\",\"divider_align\":\"\",\"divider_align_breakpoint\":\"\",\"divider_align_fallback\":\"\",\"divider_element\":\"hr\",\"divider_style\":\"\"}},{\"type\":\"text\",\"props\":{\"column_breakpoint\":\"m\",\"content\":\"Los materiales contenidos en este sitio web han sido preparados por Llama Downtown Law Group y est\\u00e1n destinados \\u00fanicamente a fines informativos y no constituyen asesoramiento jur\\u00eddico. La transmisi\\u00f3n de la informaci\\u00f3n no pretende crear, y la recepci\\u00f3n no constituye, una relaci\\u00f3n abogado-cliente. Aunque hemos tratado de mantener la informaci\\u00f3n en este sitio web con la mayor precisi\\u00f3n posible, esta informaci\\u00f3n puede contener errores u omisiones, por lo que declinamos toda responsabilidad. Este sitio web contiene informaci\\u00f3n sobre cuestiones jur\\u00eddicas y no sustituye el asesoramiento jur\\u00eddico de un abogado cualificado con licencia en la jurisdicci\\u00f3n correspondiente. Llama Downtown Law Group declina expresamente toda responsabilidad con respecto a las acciones tomadas o no tomadas sobre la base de cualquiera o todos los contenidos de este sitio web. Al ponerse en contacto con Llama Downtown Law Group o cualquiera de sus abogados o empleados, usted acepta que Llama Downtown Law Group puede revisar cualquier informaci\\u00f3n que usted nos transmita, ya sea enviada a petici\\u00f3n nuestra o no. Usted reconoce que nuestra revisi\\u00f3n de cualquier informaci\\u00f3n no solicitada que pueda enviarnos, incluso si la envi\\u00f3 en un esfuerzo de buena fe por contratarnos, y, adem\\u00e1s, incluso si es altamente confidencial, no nos impide representar a otro cliente directamente adverso a usted, incluso en un asunto en el que esa informaci\\u00f3n podr\\u00eda y ser\\u00e1 utilizada en su contra. No debe enviar informaci\\u00f3n confidencial o informaci\\u00f3n que considere privilegiada a Llama Downtown Law Group hasta que haya recibido confirmaci\\u00f3n por escrito de Llama Downtown Law Group de su disposici\\u00f3n a prestarle los servicios jur\\u00eddicos que solicite. El contenido de cualquier correspondencia que env\\u00ede a trav\\u00e9s de Internet no se considerar\\u00e1 confidencial a menos que haya recibido dicha confirmaci\\u00f3n por escrito. Resultados anteriores obtenidos por Llama Downtown Law Group abogados no son garant\\u00eda de resultados futuros. Cada caso o asunto es diferente y se juzga por sus propios m\\u00e9ritos. \",\"margin\":\"default\",\"text_align\":\"justify\"}},{\"type\":\"headline\",\"props\":{\"content\":\"Condiciones de Uso\",\"title_element\":\"h1\",\"title_style\":\"h2\"}},{\"type\":\"text\",\"props\":{\"column_breakpoint\":\"m\",\"content\":\" El contenido de este sitio web pretende transmitir informaci\\u00f3n general sobre Llama Downtown Law Group. No debe considerarse como asesoramiento jur\\u00eddico. No es una oferta para representarle, ni pretende crear una relaci\\u00f3n abogado-cliente. Llama Downtown Law Group no patrocina, avala, verifica o garantiza la exactitud de la informaci\\u00f3n encontrada en sitios externos o enlaces posteriores. El contenido de cualquier correo electr\\u00f3nico de Internet enviado a Llama Downtown Law Group o a cualquiera de sus abogados a las direcciones de correo electr\\u00f3nico indicadas en este sitio web no crear\\u00e1 una relaci\\u00f3n de abogado-cliente y no ser\\u00e1 tratada como confidencial. Todos los usos de los contenidos de este sitio, excepto los usos personales, est\\u00e1n prohibidos. \\u00a92023 Llama Downtown Law Group. Todos los derechos reservados. \",\"margin\":\"default\"}},{\"type\":\"headline\",\"props\":{\"content\":\"Experiencia Como Abogado\",\"title_element\":\"h1\",\"title_style\":\"h2\"}},{\"type\":\"text\",\"props\":{\"column_breakpoint\":\"m\",\"content\":\" La experiencia descrita en algunas biograf\\u00edas de abogados en este sitio web puede datar de antes de que un abogado individual se uni\\u00f3 a Llama Downtown Law Group. La experiencia representada en este sitio web no implica la condici\\u00f3n de cliente actual. Por favor, consulte la lista de clientes para los clientes actuales. \",\"margin\":\"default\"}},{\"type\":\"headline\",\"props\":{\"content\":\"Enlaces Desde Nuestro Sitio Web\",\"title_element\":\"h1\",\"title_style\":\"h2\"}},{\"type\":\"text\",\"props\":{\"column_breakpoint\":\"m\",\"content\":\" Los enlaces de este sitio web pueden conducir a otros sitios. Dichos enlaces se facilitan para mayor comodidad del visitante con el fin de proporcionarle m\\u00e1s informaci\\u00f3n. Llama Downtown Law Group no patrocina, respalda ni aprueba necesariamente dichos materiales enlazados y no controla ni garantiza la exactitud, pertinencia, actualidad o integridad de la informaci\\u00f3n contenida en tales enlaces. \",\"margin\":\"default\"}},{\"type\":\"headline\",\"props\":{\"content\":\"Nuestras Publicaciones\",\"title_element\":\"h1\",\"title_style\":\"h2\"}},{\"type\":\"text\",\"props\":{\"column_breakpoint\":\"m\",\"content\":\"Llama Downtown Law Group Las publicaciones del Bufete no deben interpretarse como asesoramiento jur\\u00eddico sobre hechos o circunstancias espec\\u00edficos. El contenido de nuestras publicaciones est\\u00e1 destinado \\u00fanicamente a fines de informaci\\u00f3n general y no podr\\u00e1 citarse ni mencionarse en ninguna otra publicaci\\u00f3n o procedimiento sin el consentimiento previo por escrito del Bufete, que se otorgar\\u00e1 o denegar\\u00e1 a nuestra discreci\\u00f3n. Para solicitar el permiso de reimpresi\\u00f3n de cualquiera de nuestras publicaciones, utilice el formulario \\\"Contacte con nosotros\\\" situado en este sitio web. El env\\u00edo de nuestras publicaciones no pretende crear, y su recepci\\u00f3n no constituye, una relaci\\u00f3n abogado-cliente. Las opiniones expresadas en ellas son las opiniones personales del autor y no reflejan necesariamente las del bufete de abogados con el que est\\u00e1 asociado. \",\"margin\":\"default\"}},{\"type\":\"headline\",\"props\":{\"content\":\"Declaraci\\u00f3n de conformidad con el procedimiento de denuncia en los Pa\\u00edses Bajos\",\"title_element\":\"h1\",\"title_style\":\"h2\"}},{\"type\":\"text\",\"props\":{\"column_breakpoint\":\"m\",\"content\":\" Si un cliente se pone en contacto con el bufete en relaci\\u00f3n con una reclamaci\\u00f3n relativa a los servicios de un abogado de Llama Downtown Law Group.  La queja se transmitir\\u00e1 al responsable de quejas.\",\"margin\":\"default\"}}]},{\"type\":\"column\",\"props\":{\"image_position\":\"center-center\",\"media_overlay_gradient\":\"\",\"position_sticky_breakpoint\":\"m\",\"width_medium\":\"1-4\"},\"children\":[{\"type\":\"module\",\"props\":{\"menu_image_align\":\"center\",\"menu_image_margin\":true,\"menu_style\":\"default\",\"menu_type\":\"nav\",\"type\":\"text\",\"widget\":\"text-4\"}}]}]}],\"name\":\"PAGE STARTER\"},{\"type\":\"section\",\"props\":{\"animation\":\"fade\",\"animation_delay\":\"200\",\"image\":\"wp-content\\\/uploads\\\/case-review-bg.jpg\",\"image_position\":\"center-center\",\"image_size\":\"cover\",\"style\":\"default\",\"title_breakpoint\":\"xl\",\"title_position\":\"top-left\",\"title_rotation\":\"left\",\"vertical_align\":\"middle\",\"width\":\"large\"},\"children\":[{\"type\":\"row\",\"children\":[{\"type\":\"column\",\"props\":{\"image_position\":\"center-center\",\"media_overlay_gradient\":\"\",\"position_sticky_breakpoint\":\"m\",\"width_medium\":\"1-1\"},\"children\":[{\"type\":\"html\",\"props\":{\"content\":\"<a name=\\\"case-form\\\"><\\\/a>\"}},{\"type\":\"image\",\"props\":{\"image\":\"wp-content\\\/uploads\\\/zero-fee-guarantee1-1.png\",\"image_svg_color\":\"emphasis\",\"margin\":\"default\",\"text_align\":\"center\"}},{\"type\":\"text\",\"props\":{\"column_breakpoint\":\"m\",\"content\":\"<div class=\\\"botty-container botty-form\\\">\\n\\t\\t<h3>Revisi\\u00f3n Gratuita de Casos 24\\\/7<br>\\n\\t\\t   <span>No Paga a Menos Que Gane<\\\/span><br>\\n\\t\\t\\tLlama <a href=\\\"tel:+18883414402\\\" class=>(888) 341-4402<\\\/a>\\n\\n\\t\\t<\\\/h3>\\n\\t\\t<hr>\\n\\t\\t[gravityform id=\\\"6\\\" title=\\\"false\\\" description=\\\"false\\\" ajax=\\\"true\\\" tabindex=\\\"49\\\" field_values=\\\"check=First Choice,Second Choice\\\"]\\n\\t<\\\/div>\\n\",\"margin\":\"default\"}},{\"type\":\"text\",\"props\":{\"class\":\"smally-printo\",\"column_breakpoint\":\"m\",\"content\":\"Al enviar este formulario, acepta recibir llamadas telef\\u00f3nicas y mensajes de texto en cualquier momento, que incluyen horas fuera del horario comercial (8:00 am PST - 9:00 pm PST). Esto es para que podamos comunicarnos con usted lo antes posible para consultar sobre su caso potencial.\",\"margin\":\"default\"}}]}]}],\"name\":\"LEAD-GEN FORM FULL SCREEN\"},{\"type\":\"section\",\"props\":{\"image_position\":\"center-center\",\"padding\":\"none\",\"style\":\"primary\",\"title_breakpoint\":\"xl\",\"title_position\":\"top-left\",\"title_rotation\":\"left\",\"vertical_align\":\"middle\",\"width\":\"\"},\"children\":[{\"type\":\"row\",\"children\":[{\"type\":\"column\",\"props\":{\"image_position\":\"center-center\",\"media_overlay_gradient\":\"\",\"position_sticky_breakpoint\":\"m\",\"width_medium\":\"1-1\"},\"children\":[{\"type\":\"grid\",\"props\":{\"class\":\"sub-footros\",\"content_column_breakpoint\":\"m\",\"filter_align\":\"left\",\"filter_all\":true,\"filter_grid_breakpoint\":\"m\",\"filter_grid_width\":\"auto\",\"filter_position\":\"top\",\"filter_style\":\"tab\",\"grid_column_align\":false,\"grid_column_gap\":\"collapse\",\"grid_default\":\"1\",\"grid_medium\":\"5\",\"grid_row_gap\":\"collapse\",\"icon_width\":80,\"image_align\":\"left\",\"image_grid_breakpoint\":\"m\",\"image_grid_column_gap\":\"small\",\"image_grid_width\":\"auto\",\"image_link\":false,\"image_svg_color\":\"emphasis\",\"item_animation\":true,\"link_style\":\"\",\"link_text\":\"\",\"margin\":\"default\",\"meta_align\":\"below-title\",\"meta_element\":\"div\",\"meta_style\":\"text-meta\",\"panel_image_no_padding\":false,\"panel_link\":true,\"panel_padding\":\"small\",\"panel_style\":\"card-secondary\",\"parallax_easing\":\"1\",\"show_content\":true,\"show_image\":true,\"show_link\":true,\"show_meta\":true,\"show_title\":true,\"title_align\":\"top\",\"title_element\":\"h3\",\"title_grid_breakpoint\":\"m\",\"title_grid_width\":\"1-2\",\"title_hover_style\":\"reset\",\"title_style\":\"h5\"},\"children\":[{\"type\":\"grid_item\",\"props\":{\"image\":\"\\\/wp-content\\\/uploads\\\/numero1.png\",\"link\":\"\\\/about-us\\\/\",\"title\":\"#1 MEJORES ABOGADOS VOTADOS\"}},{\"type\":\"grid_item\",\"props\":{\"image\":\"\\\/wp-content\\\/uploads\\\/yelp.png\",\"link\":\"\\\/about-us\\\/\",\"title\":\"YELP<br> CLASIFICACI\\u00d3N DE 5 ESTRELLAS\"}},{\"type\":\"grid_item\",\"props\":{\"image\":\"\\\/wp-content\\\/uploads\\\/avvo.png\",\"link\":\"\\\/about-us\\\/\",\"title\":\"AVVO<br> ABOGADO MEJOR CALIFICADO\"}},{\"type\":\"grid_item\",\"props\":{\"image\":\"\\\/wp-content\\\/uploads\\\/lawyers.png\",\"link\":\"\\\/about-us\\\/\",\"title\":\"ABOGADOS AGRESIVOS QUE LE OBTIENEN UNA COMPENSACI\\u00d3N ADECUADA\"}},{\"type\":\"grid_item\",\"props\":{\"image\":\"\\\/wp-content\\\/uploads\\\/free1.png\",\"link\":\"\\\/about-us\\\/\",\"title\":\"CONSULTA DE ABOGADO GRATUITA\"}},{\"type\":\"grid_item\",\"props\":{\"image\":\"\\\/wp-content\\\/uploads\\\/money4.png\",\"link\":\"\\\/about-us\\\/\",\"title\":\"M\\u00c1S DE $ 100M RECUPERADOS PARA NUESTROS CLIENTES\"}},{\"type\":\"grid_item\",\"props\":{\"image\":\"\\\/wp-content\\\/uploads\\\/success.png\",\"link\":\"\\\/about-us\\\/\",\"title\":\"99% TASA DE \\u00c9XITO\"}},{\"type\":\"grid_item\",\"props\":{\"image\":\"\\\/wp-content\\\/uploads\\\/zero-e.png\",\"link\":\"\\\/about-us\\\/\",\"title\":\"CERO GASTOS DE BOLSILLO\"}},{\"type\":\"grid_item\",\"props\":{\"image\":\"\\\/wp-content\\\/uploads\\\/24-7.png\",\"link\":\"\\\/about-us\\\/\",\"title\":\"ABOGADOS DISPONIBLES 24\\\/7\"}},{\"type\":\"grid_item\",\"props\":{\"image\":\"\\\/wp-content\\\/uploads\\\/fees.png\",\"link\":\"\\\/about-us\\\/\",\"title\":\"SIN CARGOS A MENOS QUE GANEMOS\"}}]}]}]}],\"name\":\"BOTTOM BRAGGER GRID\"}],\"version\":\"3.0.31\"} -->","protected":false},"excerpt":{"rendered":"Descargo de Responsabilidad Los materiales contenidos en este sitio web han sido preparados por Llama Downtown Law Group y est\u00e1n destinados \u00fanicamente a fines informativos y no constituyen asesoramiento jur\u00eddico. La transmisi\u00f3n de la informaci\u00f3n no pretende crear, y la recepci\u00f3n no constituye, una relaci\u00f3n abogado-cliente. Aunque hemos tratado de mantener la informaci\u00f3n en este [&hellip;]","protected":false},"author":1,"featured_media":0,"parent":0,"menu_order":0,"comment_status":"closed","ping_status":"closed","template":"","meta":{"_monsterinsights_skip_tracking":false,"_monsterinsights_sitenote_active":false,"_monsterinsights_sitenote_note":"","_monsterinsights_sitenote_category":0,"footnotes":""},"class_list":["post-45143","page","type-page","status-publish","hentry"],"aioseo_notices":[],"_links":{"self":[{"href":"https:\/\/llamadowntown.com\/en\/wp-json\/wp\/v2\/pages\/45143","targetHints":{"allow":["GET"]}}],"collection":[{"href":"https:\/\/llamadowntown.com\/en\/wp-json\/wp\/v2\/pages"}],"about":[{"href":"https:\/\/llamadowntown.com\/en\/wp-json\/wp\/v2\/types\/page"}],"author":[{"embeddable":true,"href":"https:\/\/llamadowntown.com\/en\/wp-json\/wp\/v2\/users\/1"}],"replies":[{"embeddable":true,"href":"https:\/\/llamadowntown.com\/en\/wp-json\/wp\/v2\/comments?post=45143"}],"version-history":[{"count":12,"href":"https:\/\/llamadowntown.com\/en\/wp-json\/wp\/v2\/pages\/45143\/revisions"}],"predecessor-version":[{"id":45199,"href":"https:\/\/llamadowntown.com\/en\/wp-json\/wp\/v2\/pages\/45143\/revisions\/45199"}],"wp:attachment":[{"href":"https:\/\/llamadowntown.com\/en\/wp-json\/wp\/v2\/media?parent=45143"}],"curies":[{"name":"wp","href":"https:\/\/api.w.org\/{rel}","templated":true}]}}